{"id":217,"date":"2025-04-24T18:33:45","date_gmt":"2025-04-24T23:33:45","guid":{"rendered":"https:\/\/talentocreativo.andap.edu.co\/?page_id=217"},"modified":"2025-07-01T08:43:12","modified_gmt":"2025-07-01T13:43:12","slug":"inicio","status":"publish","type":"page","link":"https:\/\/talentocreativo.andap.edu.co\/","title":{"rendered":"Inicio"},"content":{"rendered":"\t\t<div data-elementor-type=\"wp-page\" data-elementor-id=\"217\" class=\"elementor elementor-217\">\n\t\t\t\t<div class=\"elementor-element elementor-element-1f1ad01 e-flex e-con-boxed e-con e-parent\" data-id=\"1f1ad01\" data-element_type=\"container\">\n\t\t\t\t\t<div class=\"e-con-inner\">\n\t\t\t\t<div class=\"elementor-element elementor-element-fd4c4d6 elementor-widget elementor-widget-spacer\" data-id=\"fd4c4d6\" data-element_type=\"widget\" data-widget_type=\"spacer.default\">\n\t\t\t\t<div class=\"elementor-widget-container\">\n\t\t\t\t\t\t\t<div class=\"elementor-spacer\">\n\t\t\t<div class=\"elementor-spacer-inner\"><\/div>\n\t\t<\/div>\n\t\t\t\t\t\t<\/div>\n\t\t\t\t<\/div>\n\t\t\t\t<div class=\"elementor-element elementor-element-346b14f elementor-widget elementor-widget-text-editor\" data-id=\"346b14f\" data-element_type=\"widget\" data-widget_type=\"text-editor.default\">\n\t\t\t\t<div class=\"elementor-widget-container\">\n\t\t\t\t\t\t\t\t\t<h4>Terecera convocatoria de Talento Capital Formaci\u00f3n, con programas de formaci\u00f3n de ciclo corto en Industrias Culturales y Creativas Digitales y habilidades digitales. Una alianza entre la Secretar\u00eda de Cultura, Recreaci\u00f3n y Deporte, la Caja de Compensaci\u00f3n Familiar Colsubsidio y la Agencia Atenea.<\/h4>\t\t\t\t\t\t\t\t<\/div>\n\t\t\t\t<\/div>\n\t\t\t\t<div class=\"elementor-element elementor-element-a8e0df3 elementor-widget elementor-widget-spacer\" data-id=\"a8e0df3\" data-element_type=\"widget\" data-widget_type=\"spacer.default\">\n\t\t\t\t<div class=\"elementor-widget-container\">\n\t\t\t\t\t\t\t<div class=\"elementor-spacer\">\n\t\t\t<div class=\"elementor-spacer-inner\"><\/div>\n\t\t<\/div>\n\t\t\t\t\t\t<\/div>\n\t\t\t\t<\/div>\n\t\t\t\t\t<\/div>\n\t\t\t\t<\/div>\n\t\t<div class=\"elementor-element elementor-element-88572a8 e-flex e-con-boxed e-con e-parent\" data-id=\"88572a8\" data-element_type=\"container\">\n\t\t\t\t\t<div class=\"e-con-inner\">\n\t\t\t\t<div class=\"elementor-element elementor-element-2293464 elementor-arrows-position-inside elementor-pagination-position-outside elementor-widget elementor-widget-image-carousel\" data-id=\"2293464\" data-element_type=\"widget\" data-settings=\"{&quot;slides_to_show&quot;:&quot;3&quot;,&quot;navigation&quot;:&quot;both&quot;,&quot;autoplay&quot;:&quot;yes&quot;,&quot;pause_on_hover&quot;:&quot;yes&quot;,&quot;pause_on_interaction&quot;:&quot;yes&quot;,&quot;autoplay_speed&quot;:5000,&quot;infinite&quot;:&quot;yes&quot;,&quot;speed&quot;:500}\" data-widget_type=\"image-carousel.default\">\n\t\t\t\t<div class=\"elementor-widget-container\">\n\t\t\t\t\t\t\t<div class=\"elementor-image-carousel-wrapper swiper\" role=\"region\" aria-roledescription=\"carousel\" aria-label=\"Carrusel de im\u00e1genes\" dir=\"ltr\">\n\t\t\t<div class=\"elementor-image-carousel swiper-wrapper\" aria-live=\"off\">\n\t\t\t\t\t\t\t\t<div class=\"swiper-slide\" role=\"group\" aria-roledescription=\"slide\" aria-label=\"1 of 4\"><figure class=\"swiper-slide-inner\"><img decoding=\"async\" class=\"swiper-slide-image\" src=\"https:\/\/talentocreativo.andap.edu.co\/wp-content\/uploads\/2025\/05\/parrilla-16-abril_04-240x300.jpg\" alt=\"parrilla 16 abril_04\" \/><\/figure><\/div><div class=\"swiper-slide\" role=\"group\" aria-roledescription=\"slide\" aria-label=\"2 of 4\"><figure class=\"swiper-slide-inner\"><img decoding=\"async\" class=\"swiper-slide-image\" src=\"https:\/\/talentocreativo.andap.edu.co\/wp-content\/uploads\/2025\/05\/parrilla-16-abril_03-240x300.jpg\" alt=\"parrilla 16 abril_03\" \/><\/figure><\/div><div class=\"swiper-slide\" role=\"group\" aria-roledescription=\"slide\" aria-label=\"3 of 4\"><figure class=\"swiper-slide-inner\"><img decoding=\"async\" class=\"swiper-slide-image\" src=\"https:\/\/talentocreativo.andap.edu.co\/wp-content\/uploads\/2025\/05\/parrilla-16-abril_02-240x300.jpg\" alt=\"parrilla 16 abril_02\" \/><\/figure><\/div><div class=\"swiper-slide\" role=\"group\" aria-roledescription=\"slide\" aria-label=\"4 of 4\"><figure class=\"swiper-slide-inner\"><img decoding=\"async\" class=\"swiper-slide-image\" src=\"https:\/\/talentocreativo.andap.edu.co\/wp-content\/uploads\/2025\/05\/parrilla-16-abril_01-240x300.jpg\" alt=\"parrilla 16 abril_01\" \/><\/figure><\/div>\t\t\t<\/div>\n\t\t\t\t\t\t\t\t\t\t\t\t<div class=\"elementor-swiper-button elementor-swiper-button-prev\" role=\"button\" tabindex=\"0\">\n\t\t\t\t\t\t<svg aria-hidden=\"true\" class=\"e-font-icon-svg e-eicon-chevron-left\" viewBox=\"0 0 1000 1000\" xmlns=\"http:\/\/www.w3.org\/2000\/svg\"><path d=\"M646 125C629 125 613 133 604 142L308 442C296 454 292 471 292 487 292 504 296 521 308 533L604 854C617 867 629 875 646 875 663 875 679 871 692 858 704 846 713 829 713 812 713 796 708 779 692 767L438 487 692 225C700 217 708 204 708 187 708 171 704 154 692 142 675 129 663 125 646 125Z\"><\/path><\/svg>\t\t\t\t\t<\/div>\n\t\t\t\t\t<div class=\"elementor-swiper-button elementor-swiper-button-next\" role=\"button\" tabindex=\"0\">\n\t\t\t\t\t\t<svg aria-hidden=\"true\" class=\"e-font-icon-svg e-eicon-chevron-right\" viewBox=\"0 0 1000 1000\" xmlns=\"http:\/\/www.w3.org\/2000\/svg\"><path d=\"M696 533C708 521 713 504 713 487 713 471 708 454 696 446L400 146C388 133 375 125 354 125 338 125 325 129 313 142 300 154 292 171 292 187 292 204 296 221 308 233L563 492 304 771C292 783 288 800 288 817 288 833 296 850 308 863 321 871 338 875 354 875 371 875 388 867 400 854L696 533Z\"><\/path><\/svg>\t\t\t\t\t<\/div>\n\t\t\t\t\n\t\t\t\t\t\t\t\t\t<div class=\"swiper-pagination\"><\/div>\n\t\t\t\t\t\t\t\t\t<\/div>\n\t\t\t\t\t\t<\/div>\n\t\t\t\t<\/div>\n\t\t\t\t\t<\/div>\n\t\t\t\t<\/div>\n\t\t<div class=\"elementor-element elementor-element-90f1f59 e-flex e-con-boxed e-con e-parent\" data-id=\"90f1f59\" data-element_type=\"container\">\n\t\t\t\t\t<div class=\"e-con-inner\">\n\t\t\t\t<div class=\"elementor-element elementor-element-b4fc66a elementor-widget elementor-widget-heading\" data-id=\"b4fc66a\" data-element_type=\"widget\" data-widget_type=\"heading.default\">\n\t\t\t\t<div class=\"elementor-widget-container\">\n\t\t\t\t\t<h2 class=\"elementor-heading-title elementor-size-default\">CONOCE NUESTRA OFERTA DE CURSOS<\/h2>\t\t\t\t<\/div>\n\t\t\t\t<\/div>\n\t\t\t\t\t<\/div>\n\t\t\t\t<\/div>\n\t\t<div class=\"elementor-element elementor-element-7b1d590 e-flex e-con-boxed e-con e-parent\" data-id=\"7b1d590\" data-element_type=\"container\">\n\t\t\t\t\t<div class=\"e-con-inner\">\n\t\t<div class=\"elementor-element elementor-element-0b873da e-con-full e-flex e-con e-child\" data-id=\"0b873da\" data-element_type=\"container\">\n\t\t\t\t<div class=\"elementor-element elementor-element-9bdaf9b elementor-widget elementor-widget-image\" data-id=\"9bdaf9b\" data-element_type=\"widget\" data-widget_type=\"image.default\">\n\t\t\t\t<div class=\"elementor-widget-container\">\n\t\t\t\t\t\t\t\t\t\t\t\t\t\t\t<img fetchpriority=\"high\" decoding=\"async\" width=\"1024\" height=\"1280\" src=\"https:\/\/talentocreativo.andap.edu.co\/wp-content\/uploads\/2025\/05\/ICCD3.jpeg\" class=\"attachment-1536x1536 size-1536x1536 wp-image-322\" alt=\"\" srcset=\"https:\/\/talentocreativo.andap.edu.co\/wp-content\/uploads\/2025\/05\/ICCD3.jpeg 1024w, https:\/\/talentocreativo.andap.edu.co\/wp-content\/uploads\/2025\/05\/ICCD3-240x300.jpeg 240w, https:\/\/talentocreativo.andap.edu.co\/wp-content\/uploads\/2025\/05\/ICCD3-819x1024.jpeg 819w, https:\/\/talentocreativo.andap.edu.co\/wp-content\/uploads\/2025\/05\/ICCD3-768x960.jpeg 768w\" sizes=\"(max-width: 1024px) 100vw, 1024px\" \/>\t\t\t\t\t\t\t\t\t\t\t\t\t\t\t<\/div>\n\t\t\t\t<\/div>\n\t\t\t\t<\/div>\n\t\t<div class=\"elementor-element elementor-element-d4f2574 e-con-full e-flex e-con e-child\" data-id=\"d4f2574\" data-element_type=\"container\">\n\t\t\t\t<div class=\"elementor-element elementor-element-839a009 elementor-widget elementor-widget-image\" data-id=\"839a009\" data-element_type=\"widget\" data-widget_type=\"image.default\">\n\t\t\t\t<div class=\"elementor-widget-container\">\n\t\t\t\t\t\t\t\t\t\t\t\t\t\t\t<img decoding=\"async\" width=\"819\" height=\"1024\" src=\"https:\/\/talentocreativo.andap.edu.co\/wp-content\/uploads\/2025\/05\/ICCD2-819x1024.jpeg\" class=\"attachment-large size-large wp-image-324\" alt=\"\" srcset=\"https:\/\/talentocreativo.andap.edu.co\/wp-content\/uploads\/2025\/05\/ICCD2-819x1024.jpeg 819w, https:\/\/talentocreativo.andap.edu.co\/wp-content\/uploads\/2025\/05\/ICCD2-240x300.jpeg 240w, https:\/\/talentocreativo.andap.edu.co\/wp-content\/uploads\/2025\/05\/ICCD2-768x960.jpeg 768w, https:\/\/talentocreativo.andap.edu.co\/wp-content\/uploads\/2025\/05\/ICCD2.jpeg 1024w\" sizes=\"(max-width: 819px) 100vw, 819px\" \/>\t\t\t\t\t\t\t\t\t\t\t\t\t\t\t<\/div>\n\t\t\t\t<\/div>\n\t\t\t\t<div class=\"elementor-element elementor-element-5af2a77 elementor-widget elementor-widget-spacer\" data-id=\"5af2a77\" data-element_type=\"widget\" data-widget_type=\"spacer.default\">\n\t\t\t\t<div class=\"elementor-widget-container\">\n\t\t\t\t\t\t\t<div class=\"elementor-spacer\">\n\t\t\t<div class=\"elementor-spacer-inner\"><\/div>\n\t\t<\/div>\n\t\t\t\t\t\t<\/div>\n\t\t\t\t<\/div>\n\t\t\t\t<\/div>\n\t\t<div class=\"elementor-element elementor-element-000acdb e-con-full e-flex e-con e-child\" data-id=\"000acdb\" data-element_type=\"container\">\n\t\t\t\t<div class=\"elementor-element elementor-element-3eaa3a4 elementor-widget elementor-widget-image\" data-id=\"3eaa3a4\" data-element_type=\"widget\" data-widget_type=\"image.default\">\n\t\t\t\t<div class=\"elementor-widget-container\">\n\t\t\t\t\t\t\t\t\t\t\t\t\t\t\t<img decoding=\"async\" width=\"819\" height=\"1024\" src=\"https:\/\/talentocreativo.andap.edu.co\/wp-content\/uploads\/2025\/05\/ICCD6-819x1024.jpeg\" class=\"attachment-large size-large wp-image-327\" alt=\"\" srcset=\"https:\/\/talentocreativo.andap.edu.co\/wp-content\/uploads\/2025\/05\/ICCD6-819x1024.jpeg 819w, https:\/\/talentocreativo.andap.edu.co\/wp-content\/uploads\/2025\/05\/ICCD6-240x300.jpeg 240w, https:\/\/talentocreativo.andap.edu.co\/wp-content\/uploads\/2025\/05\/ICCD6-768x960.jpeg 768w, https:\/\/talentocreativo.andap.edu.co\/wp-content\/uploads\/2025\/05\/ICCD6.jpeg 1024w\" sizes=\"(max-width: 819px) 100vw, 819px\" \/>\t\t\t\t\t\t\t\t\t\t\t\t\t\t\t<\/div>\n\t\t\t\t<\/div>\n\t\t\t\t<\/div>\n\t\t<div class=\"elementor-element elementor-element-bc0bc8d e-con-full e-flex e-con e-child\" data-id=\"bc0bc8d\" data-element_type=\"container\">\n\t\t\t\t<div class=\"elementor-element elementor-element-b3048ac elementor-widget elementor-widget-image\" data-id=\"b3048ac\" data-element_type=\"widget\" data-widget_type=\"image.default\">\n\t\t\t\t<div class=\"elementor-widget-container\">\n\t\t\t\t\t\t\t\t\t\t\t\t\t\t\t<img loading=\"lazy\" decoding=\"async\" width=\"819\" height=\"1024\" src=\"https:\/\/talentocreativo.andap.edu.co\/wp-content\/uploads\/2025\/05\/ICCD5-819x1024.jpeg\" class=\"attachment-large size-large wp-image-326\" alt=\"\" srcset=\"https:\/\/talentocreativo.andap.edu.co\/wp-content\/uploads\/2025\/05\/ICCD5-819x1024.jpeg 819w, https:\/\/talentocreativo.andap.edu.co\/wp-content\/uploads\/2025\/05\/ICCD5-240x300.jpeg 240w, https:\/\/talentocreativo.andap.edu.co\/wp-content\/uploads\/2025\/05\/ICCD5-768x960.jpeg 768w, https:\/\/talentocreativo.andap.edu.co\/wp-content\/uploads\/2025\/05\/ICCD5.jpeg 1024w\" sizes=\"(max-width: 819px) 100vw, 819px\" \/>\t\t\t\t\t\t\t\t\t\t\t\t\t\t\t<\/div>\n\t\t\t\t<\/div>\n\t\t\t\t<\/div>\n\t\t\t\t\t<\/div>\n\t\t\t\t<\/div>\n\t\t<div class=\"elementor-element elementor-element-39044b6 e-grid e-con-boxed e-con e-parent\" data-id=\"39044b6\" data-element_type=\"container\">\n\t\t\t\t\t<div class=\"e-con-inner\">\n\t\t\t\t<div class=\"elementor-element elementor-element-e65aa11 elementor-widget elementor-widget-heading\" data-id=\"e65aa11\" data-element_type=\"widget\" data-widget_type=\"heading.default\">\n\t\t\t\t<div class=\"elementor-widget-container\">\n\t\t\t\t\t<h2 class=\"elementor-heading-title elementor-size-default\">Accede ahora a nuestras clases de Fortalecimiento Acad\u00e9mico: Puesta al D\u00eda y Soporte Personalizado para Estudiantes\n<\/h2>\t\t\t\t<\/div>\n\t\t\t\t<\/div>\n\t\t\t\t<div class=\"elementor-element elementor-element-6e507c7 elementor-widget elementor-widget-text-editor\" data-id=\"6e507c7\" data-element_type=\"widget\" data-widget_type=\"text-editor.default\">\n\t\t\t\t<div class=\"elementor-widget-container\">\n\t\t\t\t\t\t\t\t\t<h4><strong>Aprovecha este espacio para \u00a0aclarar conceptos y ponerse al d\u00eda con el material acad\u00e9mico.<\/strong><\/h4><p>Horario disponible: De martes a viernes desde las 07: 00 am hasta las 09: 00 pm<\/p>\t\t\t\t\t\t\t\t<\/div>\n\t\t\t\t<\/div>\n\t\t\t\t\t<\/div>\n\t\t\t\t<\/div>\n\t\t<div class=\"elementor-element elementor-element-7ae9cb5 e-grid e-con-boxed e-con e-parent\" data-id=\"7ae9cb5\" data-element_type=\"container\">\n\t\t\t\t\t<div class=\"e-con-inner\">\n\t\t\t\t\t<\/div>\n\t\t\t\t<\/div>\n\t\t<div class=\"elementor-element elementor-element-e204f72 e-grid e-con-boxed e-con e-parent\" data-id=\"e204f72\" data-element_type=\"container\">\n\t\t\t\t\t<div class=\"e-con-inner\">\n\t\t\t\t<div class=\"elementor-element elementor-element-5230a47 elementor-widget elementor-widget-image\" data-id=\"5230a47\" data-element_type=\"widget\" data-widget_type=\"image.default\">\n\t\t\t\t<div class=\"elementor-widget-container\">\n\t\t\t\t\t\t\t\t\t\t\t\t\t\t\t<img decoding=\"async\" src=\"https:\/\/talentocreativo.andap.edu.co\/wp-content\/uploads\/elementor\/thumbs\/Captura-de-pantalla-2025-06-24-175816-r7sudvxvw502j9kur4teo9oz5z7l4v6jdh2nmjciqw.jpg\" title=\"Captura de pantalla 2025-06-24 175816\" alt=\"Captura de pantalla 2025-06-24 175816\" loading=\"lazy\" \/>\t\t\t\t\t\t\t\t\t\t\t\t\t\t\t<\/div>\n\t\t\t\t<\/div>\n\t\t\t\t<div class=\"elementor-element elementor-element-b0d8d62 elementor-widget elementor-widget-image\" data-id=\"b0d8d62\" data-element_type=\"widget\" data-widget_type=\"image.default\">\n\t\t\t\t<div class=\"elementor-widget-container\">\n\t\t\t\t\t\t\t\t\t\t\t\t\t\t\t<img decoding=\"async\" src=\"https:\/\/talentocreativo.andap.edu.co\/wp-content\/uploads\/elementor\/thumbs\/Captura-de-pantalla-2025-06-24-175816-r7sudvxvw502j9kur4teo9oz5z7l4v6jdh2nmjciqw.jpg\" title=\"Captura de pantalla 2025-06-24 175816\" alt=\"Captura de pantalla 2025-06-24 175816\" loading=\"lazy\" \/>\t\t\t\t\t\t\t\t\t\t\t\t\t\t\t<\/div>\n\t\t\t\t<\/div>\n\t\t\t\t<div class=\"elementor-element elementor-element-04be701 elementor-widget elementor-widget-heading\" data-id=\"04be701\" data-element_type=\"widget\" data-widget_type=\"heading.default\">\n\t\t\t\t<div class=\"elementor-widget-container\">\n\t\t\t\t\t<h2 class=\"elementor-heading-title elementor-size-default\"><a href=\"https:\/\/meet.google.com\/nzj-wiyy-wnr\">Ingresa a la  sesi\u00f3n del Curso Programador de Videojuegos en Unity.  Click aqu\u00ed<\/a><\/h2>\t\t\t\t<\/div>\n\t\t\t\t<\/div>\n\t\t\t\t<div class=\"elementor-element elementor-element-bfbcc15 elementor-widget elementor-widget-heading\" data-id=\"bfbcc15\" data-element_type=\"widget\" data-widget_type=\"heading.default\">\n\t\t\t\t<div class=\"elementor-widget-container\">\n\t\t\t\t\t<h2 class=\"elementor-heading-title elementor-size-default\"><a href=\"https:\/\/meet.google.com\/dpo-amgy-wyf\">Ingresa a la sesi\u00f3n del  Curso Animaci\u00f3n 3D y Rigging. Click aqu\u00ed<\/a><\/h2>\t\t\t\t<\/div>\n\t\t\t\t<\/div>\n\t\t\t\t\t<\/div>\n\t\t\t\t<\/div>\n\t\t<div class=\"elementor-element elementor-element-2f35ab4 e-flex e-con-boxed e-con e-parent\" data-id=\"2f35ab4\" data-element_type=\"container\">\n\t\t\t\t\t<div class=\"e-con-inner\">\n\t\t\t\t<div class=\"elementor-element elementor-element-374c551 elementor-widget elementor-widget-spacer\" data-id=\"374c551\" data-element_type=\"widget\" data-widget_type=\"spacer.default\">\n\t\t\t\t<div class=\"elementor-widget-container\">\n\t\t\t\t\t\t\t<div class=\"elementor-spacer\">\n\t\t\t<div class=\"elementor-spacer-inner\"><\/div>\n\t\t<\/div>\n\t\t\t\t\t\t<\/div>\n\t\t\t\t<\/div>\n\t\t\t\t\t<\/div>\n\t\t\t\t<\/div>\n\t\t\t\t<\/div>\n\t\t","protected":false},"excerpt":{"rendered":"<p>Terecera convocatoria de Talento Capital Formaci\u00f3n, con programas de formaci\u00f3n de ciclo corto en Industrias Culturales y Creativas Digitales y [&hellip;]<\/p>\n","protected":false},"author":1,"featured_media":0,"parent":0,"menu_order":0,"comment_status":"closed","ping_status":"closed","template":"elementor_header_footer","meta":{"site-sidebar-layout":"no-sidebar","site-content-layout":"","ast-site-content-layout":"full-width-container","site-content-style":"default","site-sidebar-style":"default","ast-global-header-display":"","ast-banner-title-visibility":"","ast-main-header-display":"","ast-hfb-above-header-display":"","ast-hfb-below-header-display":"","ast-hfb-mobile-header-display":"","site-post-title":"disabled","ast-breadcrumbs-content":"","ast-featured-img":"disabled","footer-sml-layout":"","theme-transparent-header-meta":"","adv-header-id-meta":"","stick-header-meta":"","header-above-stick-meta":"","header-main-stick-meta":"","header-below-stick-meta":"","astra-migrate-meta-layouts":"default","ast-page-background-enabled":"default","ast-page-background-meta":{"desktop":{"background-color":"var(--ast-global-color-5)","background-image":"","background-repeat":"repeat","background-position":"center center","background-size":"auto","background-attachment":"scroll","background-type":"","background-media":"","overlay-type":"","overlay-color":"","overlay-opacity":"","overlay-gradient":""},"tablet":{"background-color":"","background-image":"","background-repeat":"repeat","background-position":"center center","background-size":"auto","background-attachment":"scroll","background-type":"","background-media":"","overlay-type":"","overlay-color":"","overlay-opacity":"","overlay-gradient":""},"mobile":{"background-color":"","background-image":"","background-repeat":"repeat","background-position":"center center","background-size":"auto","background-attachment":"scroll","background-type":"","background-media":"","overlay-type":"","overlay-color":"","overlay-opacity":"","overlay-gradient":""}},"ast-content-background-meta":{"desktop":{"background-color":"var(--ast-global-color-4)","background-image":"","background-repeat":"repeat","background-position":"center center","background-size":"auto","background-attachment":"scroll","background-type":"","background-media":"","overlay-type":"","overlay-color":"","overlay-opacity":"","overlay-gradient":""},"tablet":{"background-color":"var(--ast-global-color-4)","background-image":"","background-repeat":"repeat","background-position":"center center","background-size":"auto","background-attachment":"scroll","background-type":"","background-media":"","overlay-type":"","overlay-color":"","overlay-opacity":"","overlay-gradient":""},"mobile":{"background-color":"var(--ast-global-color-4)","background-image":"","background-repeat":"repeat","background-position":"center center","background-size":"auto","background-attachment":"scroll","background-type":"","background-media":"","overlay-type":"","overlay-color":"","overlay-opacity":"","overlay-gradient":""}},"footnotes":""},"class_list":["post-217","page","type-page","status-publish","hentry"],"_links":{"self":[{"href":"https:\/\/talentocreativo.andap.edu.co\/index.php?rest_route=\/wp\/v2\/pages\/217","targetHints":{"allow":["GET"]}}],"collection":[{"href":"https:\/\/talentocreativo.andap.edu.co\/index.php?rest_route=\/wp\/v2\/pages"}],"about":[{"href":"https:\/\/talentocreativo.andap.edu.co\/index.php?rest_route=\/wp\/v2\/types\/page"}],"author":[{"embeddable":true,"href":"https:\/\/talentocreativo.andap.edu.co\/index.php?rest_route=\/wp\/v2\/users\/1"}],"replies":[{"embeddable":true,"href":"https:\/\/talentocreativo.andap.edu.co\/index.php?rest_route=%2Fwp%2Fv2%2Fcomments&post=217"}],"version-history":[{"count":80,"href":"https:\/\/talentocreativo.andap.edu.co\/index.php?rest_route=\/wp\/v2\/pages\/217\/revisions"}],"predecessor-version":[{"id":429,"href":"https:\/\/talentocreativo.andap.edu.co\/index.php?rest_route=\/wp\/v2\/pages\/217\/revisions\/429"}],"wp:attachment":[{"href":"https:\/\/talentocreativo.andap.edu.co\/index.php?rest_route=%2Fwp%2Fv2%2Fmedia&parent=217"}],"curies":[{"name":"wp","href":"https:\/\/api.w.org\/{rel}","templated":true}]}}